{"id":4848,"date":"2023-10-20T19:37:43","date_gmt":"2023-10-20T19:37:43","guid":{"rendered":"https:\/\/www.ankaanaokulu.com\/?page_id=4848"},"modified":"2023-10-25T19:22:41","modified_gmt":"2023-10-25T19:22:41","slug":"rehberlik","status":"publish","type":"page","link":"https:\/\/www.ankaanaokulu.com\/index.php\/rehberlik\/","title":{"rendered":"Rehberlik"},"content":{"rendered":"<section class=\"wpb-content-wrapper\"><p>[vc_row][vc_column][vc_column_text]<strong>Anka Anaokulu Rehberlik Birimi<\/strong><\/p>\n<p>Anka Anaokulu, \u00e7ocuklar\u0131m\u0131z\u0131n sa\u011fl\u0131kl\u0131 geli\u015fimini desteklemek ve onlar\u0131n \u00f6zg\u00fcvenli, sorumluluk sahibi, duygusal olarak zeki bireyler olmalar\u0131n\u0131 te\u015fvik etmek i\u00e7in bir Psikolojik Dan\u0131\u015fmanl\u0131k ve Rehberlik Birimi ile donat\u0131lm\u0131\u015ft\u0131r.<\/p>\n<p><strong>Misyon ve Vizyonumuz:<\/strong><\/p>\n<p><em>Vizyon:<\/em> &#8220;Anka Anaokulu, \u00e7ocuklar\u0131m\u0131z\u0131n bili\u015fsel, duygusal, sosyal ve bedensel geli\u015fimlerini destekleyerek, bireysel yeteneklerini ke\u015ffetmelerine yard\u0131mc\u0131 olur. Gelece\u011fin liderlerini, \u00f6zg\u00fcr d\u00fc\u015f\u00fcnceye sahip, sorun \u00e7\u00f6zme yetenekleri geli\u015fmi\u015f ve etik de\u011ferlere sahip bireyler olarak yeti\u015ftirmeyi hedefler.&#8221;<\/p>\n<p><em>Misyon:<\/em> &#8220;Anka Anaokulu Rehberlik Birimi olarak, \u00e7ocuklar\u0131m\u0131z\u0131n geli\u015fimini yak\u0131ndan takip eder ve destekleriz. \u00d6\u011frencilerimizin bili\u015fsel, duygusal, ve sosyal geli\u015fimlerini desteklemek amac\u0131yla \u00e7e\u015fitli rehberlik programlar\u0131 ve etkinlikler d\u00fczenleriz. Ayr\u0131ca, \u00e7ocuklar\u0131m\u0131z\u0131n aileleriyle i\u015fbirli\u011fi yaparak, bu geli\u015fim s\u00fcrecini evde de destekleriz.&#8221;<\/p>\n<p><strong>Rehberlik Hizmetlerimiz:<\/strong><\/p>\n<ul>\n<li><em>\u00d6\u011frenci De\u011ferlendirmeleri:<\/em> \u00d6\u011frencilerimizin bili\u015fsel, duygusal, sosyal ve bedensel geli\u015fimlerini izler ve ya\u015f gruplar\u0131na g\u00f6re \u00f6\u011frenci de\u011ferlendirme raporlar\u0131 haz\u0131rlar\u0131z. Bu raporlar, \u00e7ocu\u011funuzun evdeki ve okuldaki bireysel geli\u015fimi hakk\u0131nda ailelerle payla\u015f\u0131l\u0131r.<\/li>\n<li><em>Okul Olgunlu\u011fu \u00c7al\u0131\u015fmalar\u0131:<\/em> Haz\u0131rl\u0131k s\u0131n\u0131f\u0131 \u00f6\u011frencilerimizin birinci s\u0131n\u0131fa haz\u0131r olup olmad\u0131\u011f\u0131n\u0131 belirlemek amac\u0131yla okul olgunlu\u011fu \u00e7al\u0131\u015fmalar\u0131 yapar\u0131z. Bu \u00e7al\u0131\u015fmalar\u0131n sonu\u00e7lar\u0131 bireysel veli toplant\u0131lar\u0131nda ailelerle payla\u015f\u0131l\u0131r.<\/li>\n<li><em>Duygusal Zeka \u00c7al\u0131\u015fmalar\u0131:<\/em> \u00c7ocuklar\u0131m\u0131z\u0131n duygusal zeka geli\u015fimini desteklemek i\u00e7in e\u011fitim program\u0131n\u0131n i\u00e7erisinde &#8220;Duygusal Zek\u00e2 \u00e7al\u0131\u015fmalar\u0131&#8221; yapar\u0131z.<\/li>\n<li><em>Sorun \u00c7\u00f6zme Toplant\u0131lar\u0131:<\/em> Gerekli durumlarda \u00e7ocuklar\u0131 sorunlar\u0131n \u00e7\u00f6z\u00fcm\u00fcne dahil eden &#8220;Sorun \u00c7\u00f6zme Toplant\u0131lar\u0131&#8221; d\u00fczenleriz. Bu toplant\u0131lar, \u00e7ocuklar\u0131n \u00fcretken \u00e7\u00f6z\u00fcmler bulmalar\u0131na yard\u0131mc\u0131 olur.<\/li>\n<li><em>Ki\u015filik Geli\u015ftirme Program\u0131:<\/em> Toplum i\u00e7inde temel de\u011ferleri kazanmalar\u0131n\u0131 ve insan\u00ee de\u011ferlere sayg\u0131l\u0131 bireyler olarak yeti\u015fmelerini desteklemek i\u00e7in &#8220;Ki\u015filik Geli\u015ftirme Program\u0131&#8221; uygular\u0131z.<\/li>\n<\/ul>\n<p><strong>Velilerle \u0130\u015fbirli\u011fi:<\/strong><\/p>\n<p>Ailelerimizle yak\u0131n i\u015fbirli\u011fi i\u00e7inde \u00e7al\u0131\u015farak, \u00f6\u011frencilerimizin geli\u015fim s\u00fcrecini destekleriz. Velilerimize d\u00fczenli olarak veli toplant\u0131lar\u0131 ve e\u011fitimler sunar\u0131z, b\u00f6ylece \u00e7ocuklar\u0131m\u0131z\u0131n e\u011fitimine evde de destek olmalar\u0131na yard\u0131mc\u0131 oluruz.<\/p>\n<p>Anka Anaokulu Rehberlik Birimi, \u00e7ocuklar\u0131m\u0131z\u0131n sa\u011fl\u0131kl\u0131 geli\u015fimini izlemek ve y\u00f6nlendirmek amac\u0131yla d\u00fczenli olarak \u00f6\u011fretmenler ve okul y\u00f6neticileri ile rehberlik de\u011ferlendirme toplant\u0131lar\u0131 yapar. Bu toplant\u0131larda, her \u00f6\u011frenci ayr\u0131 ayr\u0131 de\u011ferlendirilir, g\u00f6zlem raporlar\u0131 okunur ve \u00f6nlemler al\u0131narak velilerle payla\u015f\u0131mlarda bulunulur.<\/p>\n<p>Rehberlik Birimi olarak, her \u00f6\u011frencinin &#8220;\u00f6zeldir&#8221; ilkesinden yola \u00e7\u0131karak, \u00e7ocuklar\u0131m\u0131z\u0131n geli\u015fimlerini en \u00fcst d\u00fczeye \u00e7\u0131karmak ve onlar\u0131 kendilerini ger\u00e7ekle\u015ftirmi\u015f bireyler olarak yeti\u015ftirmek amac\u0131yla \u00e7al\u0131\u015f\u0131yoruz.[\/vc_column_text][\/vc_column][\/vc_row]<\/p>\n<\/section>","protected":false},"excerpt":{"rendered":"<p>[vc_row][vc_column][vc_column_text]Anka Anaokulu Rehberlik Birimi Anka Anaokulu, \u00e7ocuklar\u0131m\u0131z\u0131n sa\u011fl\u0131kl\u0131 geli\u015fimini desteklemek ve onlar\u0131n \u00f6zg\u00fcvenli, sorumluluk sahibi, duygusal olarak zeki bireyler olmalar\u0131n\u0131 te\u015fvik etmek i\u00e7in bir Psikolojik Dan\u0131\u015fmanl\u0131k ve Rehberlik Birimi ile donat\u0131lm\u0131\u015ft\u0131r. Misyon ve Vizyonumuz: Vizyon: &#8220;Anka Anaokulu, \u00e7ocuklar\u0131m\u0131z\u0131n bili\u015fsel, duygusal, sosyal ve bedensel geli\u015fimlerini destekleyerek, bireysel yeteneklerini ke\u015ffetmelerine yard\u0131mc\u0131 olur. Gelece\u011fin liderlerini, \u00f6zg\u00fcr d\u00fc\u015f\u00fcnceye sahip, [&hellip;]<\/p>\n","protected":false},"author":1,"featured_media":0,"parent":0,"menu_order":0,"comment_status":"closed","ping_status":"closed","template":"","meta":{"footnotes":""},"class_list":["post-4848","page","type-page","status-publish","hentry"],"_links":{"self":[{"href":"https:\/\/www.ankaanaokulu.com\/index.php\/wp-json\/wp\/v2\/pages\/4848","targetHints":{"allow":["GET"]}}],"collection":[{"href":"https:\/\/www.ankaanaokulu.com\/index.php\/wp-json\/wp\/v2\/pages"}],"about":[{"href":"https:\/\/www.ankaanaokulu.com\/index.php\/wp-json\/wp\/v2\/types\/page"}],"author":[{"embeddable":true,"href":"https:\/\/www.ankaanaokulu.com\/index.php\/wp-json\/wp\/v2\/users\/1"}],"replies":[{"embeddable":true,"href":"https:\/\/www.ankaanaokulu.com\/index.php\/wp-json\/wp\/v2\/comments?post=4848"}],"version-history":[{"count":2,"href":"https:\/\/www.ankaanaokulu.com\/index.php\/wp-json\/wp\/v2\/pages\/4848\/revisions"}],"predecessor-version":[{"id":4876,"href":"https:\/\/www.ankaanaokulu.com\/index.php\/wp-json\/wp\/v2\/pages\/4848\/revisions\/4876"}],"wp:attachment":[{"href":"https:\/\/www.ankaanaokulu.com\/index.php\/wp-json\/wp\/v2\/media?parent=4848"}],"curies":[{"name":"wp","href":"https:\/\/api.w.org\/{rel}","templated":true}]}}