{"id":4837,"date":"2023-10-20T19:34:51","date_gmt":"2023-10-20T19:34:51","guid":{"rendered":"https:\/\/www.ankaanaokulu.com\/?page_id=4837"},"modified":"2023-10-25T19:20:45","modified_gmt":"2023-10-25T19:20:45","slug":"vizyon-misyon","status":"publish","type":"page","link":"https:\/\/www.ankaanaokulu.com\/index.php\/vizyon-misyon\/","title":{"rendered":"Vizyon-Misyon"},"content":{"rendered":"<section class=\"wpb-content-wrapper\"><p>[vc_row][vc_column][vc_single_image image=&#8221;4871&#8243; img_size=&#8221;full&#8221; alignment=&#8221;center&#8221;][\/vc_column][\/vc_row][vc_row][vc_column width=&#8221;1\/2&#8243;][vc_column_text]&#8221;Anka Anaokulu olarak misyonumuz, \u00e7ocuklar\u0131m\u0131z\u0131n sa\u011fl\u0131kl\u0131 bir \u00f6\u011frenme \u00e7evresinde b\u00fcy\u00fcy\u00fcp geli\u015fmelerini desteklemek ve onlar\u0131 \u00f6zg\u00fcvenli, ba\u011f\u0131ms\u0131z, merakl\u0131 ve empatik bireyler olarak yeti\u015ftirmektir. Her \u00e7ocu\u011fun potansiyelini ke\u015ffetmesine yard\u0131mc\u0131 olmak ve ya\u015famlar\u0131 boyunca s\u00fcrekli \u00f6\u011frenmeyi te\u015fvik etmek i\u00e7in \u00f6\u011fretim stratejilerimizi ve de\u011ferlerimizi \u00e7ocuk merkezli bir yakla\u015f\u0131mla birle\u015ftiririz. Ayr\u0131ca, ailelerle yak\u0131n bir i\u015fbirli\u011fi i\u00e7inde \u00e7al\u0131\u015farak, \u00e7ocuklar\u0131m\u0131z\u0131n e\u011fitim s\u00fcrecini desteklemek ve g\u00fc\u00e7lendirmek i\u00e7in \u00e7aba g\u00f6steririz.&#8221;[\/vc_column_text][\/vc_column][vc_column width=&#8221;1\/2&#8243;][vc_column_text]&#8221;Anka Anaokulu, \u00e7ocuklar\u0131n d\u00fcnyay\u0131 merakla ke\u015ffettikleri, \u00f6zg\u00fcvenle b\u00fcy\u00fcd\u00fckleri ve yarat\u0131c\u0131 d\u00fc\u015f\u00fcnceyi te\u015fvik eden bir ortamda \u00f6\u011frenmelerini sa\u011flayarak, gelece\u011fin liderlerini yeti\u015ftiren bir \u00f6\u011frenme merkezi olmay\u0131 hedefler. Biz, her \u00e7ocu\u011fun benzersizli\u011fini kutlayan, topluma de\u011fer katan, sorgulay\u0131c\u0131 ve etik de\u011ferlere sahip bireyler yeti\u015ftirmeyi taahh\u00fct ediyoruz.&#8221;[\/vc_column_text][\/vc_column][\/vc_row]<\/p>\n<\/section>","protected":false},"excerpt":{"rendered":"<p>[vc_row][vc_column][vc_single_image image=&#8221;4871&#8243; img_size=&#8221;full&#8221; alignment=&#8221;center&#8221;][\/vc_column][\/vc_row][vc_row][vc_column width=&#8221;1\/2&#8243;][vc_column_text]&#8221;Anka Anaokulu olarak misyonumuz, \u00e7ocuklar\u0131m\u0131z\u0131n sa\u011fl\u0131kl\u0131 bir \u00f6\u011frenme \u00e7evresinde b\u00fcy\u00fcy\u00fcp geli\u015fmelerini desteklemek ve onlar\u0131 \u00f6zg\u00fcvenli, ba\u011f\u0131ms\u0131z, merakl\u0131 ve empatik bireyler olarak yeti\u015ftirmektir. Her \u00e7ocu\u011fun potansiyelini ke\u015ffetmesine yard\u0131mc\u0131 olmak ve ya\u015famlar\u0131 boyunca s\u00fcrekli \u00f6\u011frenmeyi te\u015fvik etmek i\u00e7in \u00f6\u011fretim stratejilerimizi ve de\u011ferlerimizi \u00e7ocuk merkezli bir yakla\u015f\u0131mla birle\u015ftiririz. Ayr\u0131ca, ailelerle yak\u0131n bir i\u015fbirli\u011fi i\u00e7inde [&hellip;]<\/p>\n","protected":false},"author":1,"featured_media":0,"parent":0,"menu_order":0,"comment_status":"closed","ping_status":"closed","template":"","meta":{"footnotes":""},"class_list":["post-4837","page","type-page","status-publish","hentry"],"_links":{"self":[{"href":"https:\/\/www.ankaanaokulu.com\/index.php\/wp-json\/wp\/v2\/pages\/4837","targetHints":{"allow":["GET"]}}],"collection":[{"href":"https:\/\/www.ankaanaokulu.com\/index.php\/wp-json\/wp\/v2\/pages"}],"about":[{"href":"https:\/\/www.ankaanaokulu.com\/index.php\/wp-json\/wp\/v2\/types\/page"}],"author":[{"embeddable":true,"href":"https:\/\/www.ankaanaokulu.com\/index.php\/wp-json\/wp\/v2\/users\/1"}],"replies":[{"embeddable":true,"href":"https:\/\/www.ankaanaokulu.com\/index.php\/wp-json\/wp\/v2\/comments?post=4837"}],"version-history":[{"count":2,"href":"https:\/\/www.ankaanaokulu.com\/index.php\/wp-json\/wp\/v2\/pages\/4837\/revisions"}],"predecessor-version":[{"id":4875,"href":"https:\/\/www.ankaanaokulu.com\/index.php\/wp-json\/wp\/v2\/pages\/4837\/revisions\/4875"}],"wp:attachment":[{"href":"https:\/\/www.ankaanaokulu.com\/index.php\/wp-json\/wp\/v2\/media?parent=4837"}],"curies":[{"name":"wp","href":"https:\/\/api.w.org\/{rel}","templated":true}]}}