{"id":4836,"date":"2023-10-20T19:34:51","date_gmt":"2023-10-20T19:34:51","guid":{"rendered":"https:\/\/www.ankaanaokulu.com\/?page_id=4836"},"modified":"2023-10-25T19:37:14","modified_gmt":"2023-10-25T19:37:14","slug":"kurucunun-mesaji","status":"publish","type":"page","link":"https:\/\/www.ankaanaokulu.com\/index.php\/kurucunun-mesaji\/","title":{"rendered":"Kurucunun Mesaj\u0131"},"content":{"rendered":"<section class=\"wpb-content-wrapper\"><p>[vc_row][vc_column][vc_column_text]Sevgili Aileler ve De\u011ferli \u00c7ocuklar,<\/p>\n<p>Bug\u00fcn, Anka Anaokulu&#8217;nun a\u00e7\u0131l\u0131\u015f\u0131n\u0131 sizlere gurur ve heyecanla duyuruyoruz. Anka Anaokulu, \u00e7ocuklar\u0131n\u0131z\u0131n b\u00fcy\u00fcme ve \u00f6\u011frenme yolculu\u011funu renklendirmek i\u00e7in burada. Bu okulu hayal etmek, tasarlamak ve in\u015fa etmek, benim i\u00e7in b\u00fcy\u00fck bir tutku ve taahh\u00fctt\u00fcr.<\/p>\n<p>Anka, bir\u00e7ok k\u00fclt\u00fcrde mitolojik bir ku\u015ftur, bir sembold\u00fcr. U\u00e7abilen bu ku\u015f, \u00f6zg\u00fcrl\u00fc\u011f\u00fc ve yarat\u0131c\u0131l\u0131\u011f\u0131 temsil eder. Biz de Anka Anaokulu olarak, \u00e7ocuklar\u0131n\u0131z\u0131n her birinin kendilerini ifade edebilmeleri ve en y\u00fcksek potansiyellerini ke\u015ffetmeleri i\u00e7in bir platform sa\u011flamak istiyoruz.<\/p>\n<p>Anka Anaokulu&#8217;nun temel ama\u00e7lar\u0131ndan baz\u0131lar\u0131 \u015funlard\u0131r:<\/p>\n<ul>\n<li>\u00c7ocuklar\u0131n sa\u011fl\u0131kl\u0131 bir \u00f6\u011frenme \u00e7evresinde b\u00fcy\u00fcmelerini desteklemek,<\/li>\n<li>Onlar\u0131 \u00f6zg\u00fcvenli, ba\u011f\u0131ms\u0131z ve sorumlu bireyler olarak yeti\u015ftirmek,<\/li>\n<li>Meraklar\u0131n\u0131 uyand\u0131rmak ve \u00f6\u011frenmeyi bir ya\u015fam tarz\u0131 haline getirmelerine yard\u0131mc\u0131 olmak,<\/li>\n<li>Sosyal becerilerini geli\u015ftirmelerine olanak tan\u0131mak.<\/li>\n<\/ul>\n<p>Bu okulu kurarken, sadece \u00e7ocuklar i\u00e7in de\u011fil, ayn\u0131 zamanda aileler i\u00e7in de bir kaynak olmay\u0131 hedefledik. \u0130\u015fbirli\u011fi ve ileti\u015fim, ailelerimizle yak\u0131n bir ili\u015fki kurmay\u0131 ve birlikte \u00e7al\u0131\u015fmay\u0131 te\u015fvik ediyoruz. Sizlerle bir aile olu\u015fturmak, bizim i\u00e7in \u00e7ok de\u011ferlidir.<\/p>\n<p>E\u011fitimcilerimiz, uzmanl\u0131kla se\u00e7ildi ve s\u00fcrekli olarak kendilerini geli\u015ftirmeye adam\u0131\u015flard\u0131r. Okulumuz, g\u00fcvenli ve temiz bir \u00f6\u011frenme ortam\u0131 sunmak i\u00e7in en iyi uygulamalar\u0131 benimser.<\/p>\n<p>Anka Anaokulu&#8217;na ho\u015f geldiniz. Bu okulun bir par\u00e7as\u0131 olman\u0131z\u0131 d\u00f6rt g\u00f6zle bekliyoruz. \u00c7ocuklar\u0131n\u0131z\u0131n b\u00fcy\u00fcme ve geli\u015fme yolculu\u011funda sizlere destek olmak i\u00e7in buraday\u0131z. Sorular\u0131n\u0131z veya ihtiya\u00e7lar\u0131n\u0131z olursa, l\u00fctfen bizimle ileti\u015fime ge\u00e7mekten \u00e7ekinmeyin.<\/p>\n<p>Sevgi ve sayg\u0131lar\u0131m\u0131zla,<\/p>\n<p>Hamza BEK\u0130RO\u011eLU<br \/>\nAnka Anaokulu Kurucusu[\/vc_column_text][\/vc_column][\/vc_row]<\/p>\n<\/section>","protected":false},"excerpt":{"rendered":"<p>[vc_row][vc_column][vc_column_text]Sevgili Aileler ve De\u011ferli \u00c7ocuklar, Bug\u00fcn, Anka Anaokulu&#8217;nun a\u00e7\u0131l\u0131\u015f\u0131n\u0131 sizlere gurur ve heyecanla duyuruyoruz. Anka Anaokulu, \u00e7ocuklar\u0131n\u0131z\u0131n b\u00fcy\u00fcme ve \u00f6\u011frenme yolculu\u011funu renklendirmek i\u00e7in burada. Bu okulu hayal etmek, tasarlamak ve in\u015fa etmek, benim i\u00e7in b\u00fcy\u00fck bir tutku ve taahh\u00fctt\u00fcr. Anka, bir\u00e7ok k\u00fclt\u00fcrde mitolojik bir ku\u015ftur, bir sembold\u00fcr. U\u00e7abilen bu ku\u015f, \u00f6zg\u00fcrl\u00fc\u011f\u00fc ve yarat\u0131c\u0131l\u0131\u011f\u0131 temsil eder. [&hellip;]<\/p>\n","protected":false},"author":1,"featured_media":0,"parent":0,"menu_order":0,"comment_status":"closed","ping_status":"closed","template":"","meta":{"footnotes":""},"class_list":["post-4836","page","type-page","status-publish","hentry"],"_links":{"self":[{"href":"https:\/\/www.ankaanaokulu.com\/index.php\/wp-json\/wp\/v2\/pages\/4836","targetHints":{"allow":["GET"]}}],"collection":[{"href":"https:\/\/www.ankaanaokulu.com\/index.php\/wp-json\/wp\/v2\/pages"}],"about":[{"href":"https:\/\/www.ankaanaokulu.com\/index.php\/wp-json\/wp\/v2\/types\/page"}],"author":[{"embeddable":true,"href":"https:\/\/www.ankaanaokulu.com\/index.php\/wp-json\/wp\/v2\/users\/1"}],"replies":[{"embeddable":true,"href":"https:\/\/www.ankaanaokulu.com\/index.php\/wp-json\/wp\/v2\/comments?post=4836"}],"version-history":[{"count":3,"href":"https:\/\/www.ankaanaokulu.com\/index.php\/wp-json\/wp\/v2\/pages\/4836\/revisions"}],"predecessor-version":[{"id":4894,"href":"https:\/\/www.ankaanaokulu.com\/index.php\/wp-json\/wp\/v2\/pages\/4836\/revisions\/4894"}],"wp:attachment":[{"href":"https:\/\/www.ankaanaokulu.com\/index.php\/wp-json\/wp\/v2\/media?parent=4836"}],"curies":[{"name":"wp","href":"https:\/\/api.w.org\/{rel}","templated":true}]}}