{"id":19,"date":"2015-11-25T07:32:41","date_gmt":"2015-11-25T07:32:41","guid":{"rendered":"http:\/\/smartyschool.stylemixthemes.com\/?page_id=19"},"modified":"2023-10-25T20:00:09","modified_gmt":"2023-10-25T20:00:09","slug":"home","status":"publish","type":"page","link":"https:\/\/www.ankaanaokulu.com\/","title":{"rendered":"Home"},"content":{"rendered":"<section class=\"wpb-content-wrapper\"><p>[vc_row css=&#8221;.vc_custom_1474549215091{margin-bottom: 81px !important;}&#8221;][vc_column][rev_slider_vc alias=&#8221;home&#8221;][\/vc_column][\/vc_row][vc_row css=&#8221;.vc_custom_1475589360749{margin-bottom: 70px !important;}&#8221;][vc_column][stm_title title_align=&#8221;center&#8221; title=&#8221;Temel de\u011ferlerimiz&#8221; title_margin_b=&#8221;31px&#8221;][\/stm_title][vc_row_inner][vc_column_inner width=&#8221;1\/2&#8243; offset=&#8221;vc_col-lg-3 vc_col-md-6 vc_col-xs-12&#8243; css=&#8221;.vc_custom_1475589305430{margin-bottom: 30px !important;}&#8221;][stm_action_box text_alignment=&#8221;center&#8221; cta_bg_color=&#8221;custom&#8221; cta_text_color=&#8221;yellow&#8221; img_id=&#8221;4868&#8243; title=&#8221;Oyun Grubu&#8221; action_box_link=&#8221;|||&#8221; content_color_custom=&#8221;#dd9933&#8243; content_bg_color_custom=&#8221;#f9579d&#8221; css=&#8221;.vc_custom_1698263859256{padding-top: 0px !important;padding-right: 0px !important;padding-bottom: 0px !important;padding-left: 0px !important;}&#8221;]2 &#8211; 3 Ya\u015ftan olu\u015fan Oyun Grubu S\u0131n\u0131flar\u0131m\u0131z ile \u00e7ocuklar\u0131m\u0131z\u0131n geli\u015fim \u00f6ncesi ihtiyac\u0131 olan grup \u00e7al\u0131\u015fmas\u0131 ve oyun becerilerini tamaml\u0131yoruz.[\/stm_action_box][stm_action_box text_alignment=&#8221;center&#8221; cta_bg_color=&#8221;custom&#8221; cta_text_color=&#8221;yellow&#8221; img_id=&#8221;4868&#8243; title=&#8221;Sanat ve K\u00fclt\u00fcr Grubu&#8221; action_box_link=&#8221;|||&#8221; content_color_custom=&#8221;#dd9933&#8243; content_bg_color_custom=&#8221;#e0c900&#8243; css=&#8221;.vc_custom_1698263999637{padding-top: 0px !important;padding-right: 0px !important;padding-bottom: 0px !important;padding-left: 0px !important;}&#8221;]Bu program, \u00e7ocuklara sanat, m\u00fczik, ve k\u00fclt\u00fcrel aktivitelerle ilgili deneyimler sunar. Bu, onlar\u0131n yarat\u0131c\u0131l\u0131klar\u0131n\u0131 ve k\u00fclt\u00fcrel fark\u0131ndal\u0131klar\u0131n\u0131 art\u0131r\u0131r.[\/stm_action_box][\/vc_column_inner][vc_column_inner width=&#8221;1\/2&#8243; offset=&#8221;vc_col-lg-3 vc_col-md-6 vc_col-xs-12&#8243; css=&#8221;.vc_custom_1475589313158{margin-bottom: 30px !important;}&#8221;][stm_action_box text_alignment=&#8221;center&#8221; cta_bg_color=&#8221;custom&#8221; cta_text_color=&#8221;yellow&#8221; img_id=&#8221;4868&#8243; title=&#8221;Geli\u015fim Grubu&#8221; action_box_link=&#8221;|||&#8221; content_color_custom=&#8221;#dd9933&#8243; content_bg_color_custom=&#8221;#bd66ff&#8221;]3 &#8211; 5 Ya\u015ftan olu\u015fan Geli\u015fim Grubu S\u0131n\u0131far\u0131m\u0131z ile \u00e7ocuklar\u0131m\u0131z\u0131n yetenek geli\u015fimlerini ve okul \u00f6ncesine haz\u0131rl\u0131k s\u00fcre\u00e7lerini tamaml\u0131yoruz.[\/stm_action_box][stm_action_box text_alignment=&#8221;center&#8221; cta_bg_color=&#8221;custom&#8221; cta_text_color=&#8221;yellow&#8221; img_id=&#8221;4868&#8243; title=&#8221;Do\u011fa ve \u00c7evre E\u011fitimi&#8221; action_box_link=&#8221;|||&#8221; content_color_custom=&#8221;#dd9933&#8243; content_bg_color_custom=&#8221;#81d742&#8243;]Bu program, \u00e7ocuklara do\u011fay\u0131 ve \u00e7evreyi anlamalar\u0131n\u0131 sa\u011flar. Do\u011fa y\u00fcr\u00fcy\u00fc\u015fleri, \u00e7evre koruma projeleri ve bitki yeti\u015ftirme gibi etkinlikler i\u00e7erebilir.[\/stm_action_box][\/vc_column_inner][vc_column_inner width=&#8221;1\/2&#8243; offset=&#8221;vc_col-lg-3 vc_col-md-6 vc_col-xs-12&#8243; css=&#8221;.vc_custom_1475589322878{margin-bottom: 30px !important;}&#8221;][stm_action_box text_alignment=&#8221;center&#8221; cta_bg_color=&#8221;custom&#8221; cta_text_color=&#8221;yellow&#8221; img_id=&#8221;4868&#8243; title=&#8221;Okul \u00d6ncesi&#8221; action_box_link=&#8221;|||&#8221; content_color_custom=&#8221;#dd9933&#8243; content_bg_color_custom=&#8221;#ffaf40&#8243;]5-6 Ya\u015ftan olu\u015fan Okul \u00d6ncesi S\u0131n\u0131flar\u0131m\u0131z ile \u00e7ocuklar\u0131m\u0131z\u0131 okul \u00f6ncesi i\u00e7in haz\u0131rl\u0131yor, t\u00fcm geli\u015fim ve yetenek s\u00fcre\u00e7lerini tamaml\u0131yoruz[\/stm_action_box][stm_action_box text_alignment=&#8221;center&#8221; cta_bg_color=&#8221;custom&#8221; cta_text_color=&#8221;yellow&#8221; img_id=&#8221;4868&#8243; title=&#8221;Bilim ve Teknoloji Ke\u015fifleri&#8221; action_box_link=&#8221;|||&#8221; content_color_custom=&#8221;#dd9933&#8243; content_bg_color_custom=&#8221;#006f77&#8243;]Bu program, \u00e7ocuklara temel bilimsel kavramlar\u0131 ve teknolojiyi tan\u0131t\u0131r. Basit deneyler, robotik aktiviteler ve temel programlama \u00f6\u011frenme gibi etkinlikleri i\u00e7erebilir.[\/stm_action_box][\/vc_column_inner][vc_column_inner width=&#8221;1\/2&#8243; offset=&#8221;vc_col-lg-3 vc_col-md-6 vc_col-xs-12&#8243; css=&#8221;.vc_custom_1475589328742{margin-bottom: 30px !important;}&#8221;][stm_action_box text_alignment=&#8221;center&#8221; cta_bg_color=&#8221;custom&#8221; cta_text_color=&#8221;yellow&#8221; img_id=&#8221;4868&#8243; title=&#8221;Ke\u015fif ve Macera Program\u0131&#8221; action_box_link=&#8221;|||&#8221; content_color_custom=&#8221;#dd9933&#8243; content_bg_color_custom=&#8221;#ff6666&#8243;]Bu program, \u00e7ocuklara d\u00fcnyay\u0131 ke\u015ffetme f\u0131rsat\u0131 sunar. Bilimsel deneyler, do\u011fa ke\u015fifleri ve yarat\u0131c\u0131 sanat etkinlikleri gibi farkl\u0131 alanlarda ke\u015fifler yaparlar.[\/stm_action_box][stm_action_box text_alignment=&#8221;center&#8221; cta_bg_color=&#8221;custom&#8221; cta_text_color=&#8221;yellow&#8221; img_id=&#8221;4868&#8243; title=&#8221;Yarat\u0131c\u0131 Drama ve Tiyatro&#8221; action_box_link=&#8221;|||&#8221; content_color_custom=&#8221;#dd9933&#8243; content_bg_color_custom=&#8221;#1e73be&#8221;]\u00c7ocuklara drama ve tiyatro sanatlar\u0131n\u0131 tan\u0131tan bir programd\u0131r. Rol yapma, hikaye anlatma ve sahne performanslar\u0131 gibi etkinlikler i\u00e7erir.[\/stm_action_box][\/vc_column_inner][\/vc_row_inner][\/vc_column][\/vc_row][vc_row full_width=&#8221;stretch_row_content_no_spaces&#8221; css=&#8221;.vc_custom_1476702747323{margin-bottom: 46px !important;padding-top: 0px !important;background-color: #fff9f2 !important;}&#8221;][vc_column width=&#8221;1\/3&#8243; css=&#8221;.vc_custom_1697829734688{margin-left: -44px !important;padding-top: 0px !important;padding-bottom: 0px !important;background: #dd9933 url(https:\/\/www.ankaanaokulu.com\/wp-content\/uploads\/2023\/10\/img6-500&#215;375-1.jpg?id=4831) !important;background-position: center !important;background-repeat: no-repeat !important;background-size: cover !important;}&#8221; offset=&#8221;vc_col-lg-5 vc_hidden-md vc_hidden-sm vc_hidden-xs&#8221;][stm_spacing lg_spacing=&#8221;640px&#8221;][\/vc_column][vc_column css=&#8221;.vc_custom_1476702770014{padding-top: 70px !important;padding-bottom: 50px !important;padding-left: 16px !important;}&#8221; offset=&#8221;vc_col-lg-7 vc_col-md-12 vc_col-xs-12&#8243; el_class=&#8221;max-width-720&#8243;][stm_title title=&#8221;Ak\u0131ll\u0131 Programlar&#8221; title_margin_b=&#8221;36px&#8221;][\/stm_title][vc_row_inner][vc_column_inner width=&#8221;1\/2&#8243; css=&#8221;.vc_custom_1474552929369{margin-bottom: 7px !important;padding-right: 0px !important;}&#8221;][stm_icon_box view_style=&#8221;style-4&#8243; icon_color=&#8221;custom&#8221; title=&#8221;Okul \u00d6ncesi (2 \u2013 3 ya\u015f)&#8221; descr=&#8221;Kendi kendine y\u00f6netilen oyun ve d\u00fc\u015f\u00fcnceli \u00f6\u011fretmenin dengesiyle&#8221; icon_size=&#8221;70px&#8221; icon_color_custom=&#8221;#ffaf40&#8243; title_link=&#8221;url:%2Fprogram%2F|||&#8221; icon_fontawesome=&#8221;stm-icon stm-icon-big_bear&#8221; top_indent=&#8221;-5px&#8221;][\/vc_column_inner][vc_column_inner width=&#8221;1\/2&#8243; css=&#8221;.vc_custom_1474552934057{margin-bottom: 7px !important;padding-left: 0px !important;}&#8221;][stm_icon_box view_style=&#8221;style-4&#8243; icon_color=&#8221;custom&#8221; title=&#8221;Anaokulu (3 \u2013 4 ya\u015f)&#8221; descr=&#8221;K\u00fc\u00e7\u00fck s\u0131n\u0131f mevcudu ve ola\u011fan\u00fcst\u00fc \u00f6\u011fretmenler Smarty&#8217;nin sundu\u011fu hizmetleri m\u00fcmk\u00fcn k\u0131l\u0131yor&#8221; icon_size=&#8221;50px&#8221; icon_color_custom=&#8221;#bd66ff&#8221; title_link=&#8221;url:%2Fprogram%2F|||&#8221; icon_fontawesome=&#8221;stm-icon stm-icon-car&#8221; top_indent=&#8221;3px&#8221;][\/vc_column_inner][\/vc_row_inner][vc_row_inner][vc_column_inner width=&#8221;1\/2&#8243; css=&#8221;.vc_custom_1474552929369{margin-bottom: 7px !important;padding-right: 0px !important;}&#8221;][stm_icon_box view_style=&#8221;style-4&#8243; icon_color=&#8221;custom&#8221; title=&#8221;Okul \u00d6ncesi Program\u0131 (4 \u2013 5 ya\u015f)&#8221; descr=&#8221;Okulumuz yerel okul b\u00f6lgesinin y\u00f6nergelerini takip eder.&#8221; icon_size=&#8221;65px&#8221; icon_color_custom=&#8221;#62abf5&#8243; title_link=&#8221;url:%2Fprogram%2F|||&#8221; icon_fontawesome=&#8221;stm-icon stm-icon-bricks&#8221;][\/vc_column_inner][vc_column_inner width=&#8221;1\/2&#8243; css=&#8221;.vc_custom_1474552934057{margin-bottom: 7px !important;padding-left: 0px !important;}&#8221;][stm_icon_box view_style=&#8221;style-4&#8243; icon_color=&#8221;custom&#8221; title=&#8221;Okul \u00d6ncesi\/Sonras\u0131 (6 ya\u015f)&#8221; descr=&#8221;Bu program ilkokula kay\u0131tl\u0131 t\u00fcm \u00e7ocuklar i\u00e7in ge\u00e7erlidir.&#8221; icon_size=&#8221;63px&#8221; icon_color_custom=&#8221;#95cc47&#8243; title_link=&#8221;url:%2Fprogram%2F|||&#8221; icon_fontawesome=&#8221;stm-icon stm-icon-apple&#8221; top_indent=&#8221;-3px&#8221;][\/vc_column_inner][\/vc_row_inner][\/vc_column][\/vc_row]<\/p>\n<\/section>","protected":false},"excerpt":{"rendered":"<p>[vc_row css=&#8221;.vc_custom_1474549215091{margin-bottom: 81px !important;}&#8221;][vc_column][rev_slider_vc alias=&#8221;home&#8221;][\/vc_column][\/vc_row][vc_row css=&#8221;.vc_custom_1475589360749{margin-bottom: 70px !important;}&#8221;][vc_column][stm_title title_align=&#8221;center&#8221; title=&#8221;Temel de\u011ferlerimiz&#8221; title_margin_b=&#8221;31px&#8221;][\/stm_title][vc_row_inner][vc_column_inner width=&#8221;1\/2&#8243; offset=&#8221;vc_col-lg-3 vc_col-md-6 vc_col-xs-12&#8243; css=&#8221;.vc_custom_1475589305430{margin-bottom: 30px !important;}&#8221;][stm_action_box text_alignment=&#8221;center&#8221; cta_bg_color=&#8221;custom&#8221; cta_text_color=&#8221;yellow&#8221; img_id=&#8221;4868&#8243; title=&#8221;Oyun Grubu&#8221; action_box_link=&#8221;|||&#8221; content_color_custom=&#8221;#dd9933&#8243; content_bg_color_custom=&#8221;#f9579d&#8221; css=&#8221;.vc_custom_1698263859256{padding-top: 0px !important;padding-right: 0px !important;padding-bottom: 0px !important;padding-left: 0px !important;}&#8221;]2 &#8211; 3 Ya\u015ftan olu\u015fan Oyun Grubu S\u0131n\u0131flar\u0131m\u0131z ile \u00e7ocuklar\u0131m\u0131z\u0131n geli\u015fim \u00f6ncesi ihtiyac\u0131 olan grup \u00e7al\u0131\u015fmas\u0131 ve oyun becerilerini [&hellip;]<\/p>\n","protected":false},"author":1,"featured_media":0,"parent":0,"menu_order":0,"comment_status":"closed","ping_status":"closed","template":"","meta":{"footnotes":""},"class_list":["post-19","page","type-page","status-publish","hentry"],"_links":{"self":[{"href":"https:\/\/www.ankaanaokulu.com\/index.php\/wp-json\/wp\/v2\/pages\/19","targetHints":{"allow":["GET"]}}],"collection":[{"href":"https:\/\/www.ankaanaokulu.com\/index.php\/wp-json\/wp\/v2\/pages"}],"about":[{"href":"https:\/\/www.ankaanaokulu.com\/index.php\/wp-json\/wp\/v2\/types\/page"}],"author":[{"embeddable":true,"href":"https:\/\/www.ankaanaokulu.com\/index.php\/wp-json\/wp\/v2\/users\/1"}],"replies":[{"embeddable":true,"href":"https:\/\/www.ankaanaokulu.com\/index.php\/wp-json\/wp\/v2\/comments?post=19"}],"version-history":[{"count":4,"href":"https:\/\/www.ankaanaokulu.com\/index.php\/wp-json\/wp\/v2\/pages\/19\/revisions"}],"predecessor-version":[{"id":4905,"href":"https:\/\/www.ankaanaokulu.com\/index.php\/wp-json\/wp\/v2\/pages\/19\/revisions\/4905"}],"wp:attachment":[{"href":"https:\/\/www.ankaanaokulu.com\/index.php\/wp-json\/wp\/v2\/media?parent=19"}],"curies":[{"name":"wp","href":"https:\/\/api.w.org\/{rel}","templated":true}]}}